{"id":459,"date":"2015-10-19T18:43:47","date_gmt":"2015-10-19T18:43:47","guid":{"rendered":"https:\/\/ranresta.lt\/wp\/lt\/?page_id=459"},"modified":"2015-10-23T10:11:13","modified_gmt":"2015-10-23T07:11:13","slug":"mcdonalds","status":"publish","type":"page","link":"https:\/\/www.ranresta.lt\/lt\/galerija\/mcdonalds\/","title":{"rendered":"McDonald&#8217;s"},"content":{"rendered":"<a class=\"level_up\" href=\"..\/\"><i class=\"fa fa-level-up fa- \" ><\/i> &#8230;gr\u012f\u017eti lygiu atgal<\/a><\/p>\n<i class=\"fa fa-building-o fa- \" ><\/i> <em>Pasirinkite norim\u0105 objekt\u0105<\/em><\/p>\n<div style=\"text-align: center;\">\n<div class=\"albums_wrapper\"><a href=\"mcdonalds-panorama\"><img loading=\"lazy\" src=\"https:\/\/www.ranresta.lt\/wp-content\/uploads\/2015\/10\/thumb_panorama.jpg\" alt=\"McDonalds Panorama\" width=\"308\" height=\"205\" class=\"alignnone size-full wp-image-555\" srcset=\"https:\/\/www.ranresta.lt\/wp-content\/uploads\/2015\/10\/thumb_panorama.jpg 308w, https:\/\/www.ranresta.lt\/wp-content\/uploads\/2015\/10\/thumb_panorama-300x200.jpg 300w, https:\/\/www.ranresta.lt\/wp-content\/uploads\/2015\/10\/thumb_panorama-225x150.jpg 225w, https:\/\/www.ranresta.lt\/wp-content\/uploads\/2015\/10\/thumb_panorama-150x100.jpg 150w\" sizes=\"(max-width: 308px) 100vw, 308px\" \/><\/a><\/p>\n<div class=\"albums_description\">\n<p class=\"album_desc\"><a href=\"mcdonalds-panorama\">McDonald&#8217;s Panorama<\/a><\/p>\n<\/div>\n<\/div>\n<div class=\"albums_wrapper\"><a href=\"mcdonalds-nordika\"><img loading=\"lazy\" src=\"https:\/\/www.ranresta.lt\/wp-content\/uploads\/2015\/10\/thumb_nordika.jpg\" alt=\"McDonalds Nordika\" width=\"308\" height=\"205\" class=\"alignnone size-full wp-image-556\" srcset=\"https:\/\/www.ranresta.lt\/wp-content\/uploads\/2015\/10\/thumb_nordika.jpg 308w, https:\/\/www.ranresta.lt\/wp-content\/uploads\/2015\/10\/thumb_nordika-300x200.jpg 300w, https:\/\/www.ranresta.lt\/wp-content\/uploads\/2015\/10\/thumb_nordika-225x150.jpg 225w, https:\/\/www.ranresta.lt\/wp-content\/uploads\/2015\/10\/thumb_nordika-150x100.jpg 150w\" sizes=\"(max-width: 308px) 100vw, 308px\" \/><\/a><\/p>\n<div class=\"albums_description\">\n<p class=\"album_desc\"><a href=\"mcdonalds-nordika\">McDonald&#8217;s Nordika<\/a><\/p>\n<\/div>\n<\/div>\n<\/div>","protected":false},"excerpt":{"rendered":"<p>&#8230;gr\u012f\u017eti lygiu atgal Pasirinkite norim\u0105 objekt\u0105 McDonald&#8217;s Panorama McDonald&#8217;s Nordika <a class=\"continue-reading-link\" href=\"https:\/\/www.ranresta.lt\/lt\/galerija\/mcdonalds\/\">Continue reading<\/a><\/p>\n","protected":false},"author":1,"featured_media":0,"parent":73,"menu_order":0,"comment_status":"closed","ping_status":"closed","template":"templates\/template-twocolumns-left.php","meta":[],"_links":{"self":[{"href":"https:\/\/www.ranresta.lt\/lt\/wp-json\/wp\/v2\/pages\/459"}],"collection":[{"href":"https:\/\/www.ranresta.lt\/lt\/wp-json\/wp\/v2\/pages"}],"about":[{"href":"https:\/\/www.ranresta.lt\/lt\/wp-json\/wp\/v2\/types\/page"}],"author":[{"embeddable":true,"href":"https:\/\/www.ranresta.lt\/lt\/wp-json\/wp\/v2\/users\/1"}],"replies":[{"embeddable":true,"href":"https:\/\/www.ranresta.lt\/lt\/wp-json\/wp\/v2\/comments?post=459"}],"version-history":[{"count":23,"href":"https:\/\/www.ranresta.lt\/lt\/wp-json\/wp\/v2\/pages\/459\/revisions"}],"predecessor-version":[{"id":586,"href":"https:\/\/www.ranresta.lt\/lt\/wp-json\/wp\/v2\/pages\/459\/revisions\/586"}],"up":[{"embeddable":true,"href":"https:\/\/www.ranresta.lt\/lt\/wp-json\/wp\/v2\/pages\/73"}],"wp:attachment":[{"href":"https:\/\/www.ranresta.lt\/lt\/wp-json\/wp\/v2\/media?parent=459"}],"curies":[{"name":"wp","href":"https:\/\/api.w.org\/{rel}","templated":true}]}}