{"id":153,"date":"2015-10-13T16:38:25","date_gmt":"2015-10-13T16:38:25","guid":{"rendered":"https:\/\/ranresta.lt\/wp\/en\/?page_id=153"},"modified":"2021-04-28T17:31:25","modified_gmt":"2021-04-28T14:31:25","slug":"apie-mus","status":"publish","type":"page","link":"https:\/\/www.ranresta.lt\/lt\/apie-mus\/","title":{"rendered":"Apie mus"},"content":{"rendered":"<div class=\"su-row\">\n<div class=\"su-column su-column-size-2-3 justify\"><div class=\"su-column-inner su-u-clearfix su-u-trim\"><div class=\"su-animate\" style=\"opacity:0;-webkit-animation-duration:3s;-webkit-animation-delay:0s;animation-duration:3s;animation-delay:0s;\" data-animation=\"fadeInLeft\" data-duration=\"3\" data-delay=\"0\">\n<h3 style=\"text-align: left;\">MB \u201eRANRESTA\u201d<\/h3>\n<p>Mes &#8211; <span style=\"text-decoration: underline;\"><strong><a style=\"color: #ab0c0c; text-decoration: underline;\" href=\"https:\/\/www.ranresta.lt\/lt\/atestatas\/\">atestuoti<\/a><\/strong><\/span> ir didel\u0119 patirt\u012f sukaup\u0119 savo srities specialistai, galintys pasigirti \u012fgyvendintais klient\u0173 poreikiais visame Pabaltyje. Palaikome pastovius ry\u0161ius su stambiomis ir gerai \u017einomomis \u012fmon\u0117mis.<\/p>\n<p>Specializuojam\u0117s bendrastatybiniuose darbuose, atliekame i\u0161or\u0117s ir vidaus pastat\u0173 statybos, apdailos, in\u017einerini\u0173 tinkl\u0173 projektavimo, \u012frengimo ir aptarnavimo darbus. Pateikiame i\u0161samias vykdom\u0173 ir atlikt\u0173 darb\u0173 ataskaitas. <\/p>\n<div class=\"su-animate\" style=\"opacity:0;-webkit-animation-duration:3s;-webkit-animation-delay:0s;animation-duration:3s;animation-delay:0s;\" data-animation=\"fadeInUp\" data-duration=\"3\" data-delay=\"0\"><\/div>\n<p><strong>Mums svarbiausia &#8211; sutartus darbus atlikti kokybi\u0161kai ir laiku.<\/strong><\/p>\n<p><strong>MB &#8221;Ranresta&#8221;  &#8211;  J\u016bs\u0173 patikimas partneris. <\/strong><\/div>\n<div class=\"su-animate\" style=\"opacity:0;-webkit-animation-duration:3s;-webkit-animation-delay:0s;animation-duration:3s;animation-delay:0s;\" data-animation=\"fadeInRight\" data-duration=\"3\" data-delay=\"0\">\n<h4>M\u016bs\u0173 darb\u0173 kokybe jau \u012fsitikino<\/h4>\n<div class=\"logo-floating\"><img loading=\"lazy\" class=\"size-medium\"  src=\"https:\/\/www.ranresta.lt\/wp-content\/uploads\/2015\/10\/logo-mcd-300x227.png\" alt=\"McDonalds\" width=\"400\" height=\"400\" \/><\/div>\n<div class=\"logo-floating\"><img loading=\"lazy\" class=\"size-medium\"  src=\"https:\/\/www.ranresta.lt\/wp-content\/uploads\/2015\/10\/logo-olympic-300x227.png\" alt=\"logo-olympic\" width=\"400\" height=\"400\" \/><\/div>\n<div class=\"logo-floating\"><img loading=\"lazy\" class=\"size-medium\"  src=\"https:\/\/www.ranresta.lt\/wp-content\/uploads\/2015\/10\/logo-ganbei-300x227.png\" alt=\"logo-ganbei\" width=\"400\" height=\"400\" \/><\/div>\n<div class=\"logo-floating\"><img loading=\"lazy\" class=\"size-medium\"  src=\"https:\/\/www.ranresta.lt\/wp-content\/uploads\/2015\/10\/logo-delano-300x227.png\" alt=\"logo-delano\" width=\"400\" height=\"400\" \/><\/div>\n<div class=\"logo-floating\"><img loading=\"lazy\" class=\"size-medium\"  src=\"https:\/\/www.ranresta.lt\/wp-content\/uploads\/2015\/10\/logo-cancan-300x227.png\" alt=\"logo-cancan\" width=\"400\" height=\"400\" \/><\/div>\n<div class=\"logo-floating\"><img class=\"size-medium\"  src=\"https:\/\/www.ranresta.lt\/wp-content\/uploads\/2015\/10\/logo-gariunai-300x227.png\" alt=\"logo-gariunai\"width=\"400\" height=\"400\" \/><\/div>\n<div class=\"logo-floating\"><img loading=\"lazy\" class=\"size-medium\" src=\"https:\/\/www.ranresta.lt\/wp-content\/uploads\/2015\/10\/logo-apynys-300x227.png\" alt=\"logo-apynys\" width=\"400\" height=\"400\" \/><\/div>\n<div class=\"logo-floating\"><img loading=\"lazy\" class=\"size-medium\"  src=\"https:\/\/www.ranresta.lt\/wp-content\/uploads\/2015\/10\/logo-yit-300x227.png\" alt=\"logo-yit\" width=\"400\" height=\"400\" \/><\/div>\n<div class=\"logo-floating\"><img loading=\"lazy\" class=\"size-medium\"  src=\"https:\/\/www.ranresta.lt\/wp-content\/uploads\/2019\/10\/logo-swed.png\" alt=\"swed\"  width=\"400\" height=\"400\" \/><\/div>\n<div class=\"logo-floating\"><img loading=\"lazy\" class=\"size-medium\"  src=\"https:\/\/www.ranresta.lt\/wp-content\/uploads\/2019\/10\/logo-pegas.jpg\" alt=\"pegas\"  width=\"400\" height=\"400\" \/><\/div>\n<div class=\"logo-floating\"><img loading=\"lazy\" class=\"size-medium\"  src=\"https:\/\/www.ranresta.lt\/wp-content\/uploads\/2019\/10\/logo-narv.jpg\" alt=\"narv\"  width=\"400\" height=\"400\" \/><\/div>\n<div class=\"logo-floating\"><img loading=\"lazy\" class=\"size-medium\"  src=\"https:\/\/www.ranresta.lt\/wp-content\/uploads\/2019\/10\/logo-mttc.jpg\" alt=\"mttc\"  width=\"400\" height=\"400\" \/><\/div>\n<div class=\"logo-floating\"><img loading=\"lazy\" class=\"size-medium\"  src=\"https:\/\/www.ranresta.lt\/wp-content\/uploads\/2019\/10\/logo-cgates.png\" alt=\"cgates\"  width=\"400\" height=\"400\" \/><\/div>\n<div class=\"logo-floating\"><img loading=\"lazy\" class=\"size-medium\"  src=\"https:\/\/www.ranresta.lt\/wp-content\/uploads\/2019\/10\/logo-maxima.png\" alt=\"maxima\"  width=\"400\" height=\"400\" \/><\/div>\n<div class=\"logo-floating\"><img loading=\"lazy\" class=\"size-medium\"  src=\"https:\/\/www.ranresta.lt\/wp-content\/uploads\/2019\/10\/logo-naresta.jpg\" alt=\"naresta\"  width=\"400\" height=\"400\" \/><\/div>\n<div class=\"logo-floating\"><img loading=\"lazy\" class=\"size-medium\"  src=\"https:\/\/www.ranresta.lt\/wp-content\/uploads\/2019\/10\/logo-akropolis.jpg\" alt=\"akropolis\"  width=\"400\" height=\"400\" \/><\/div>\n<div class=\"logo-floating\"><img loading=\"lazy\" class=\"size-medium\"  src=\"https:\/\/www.ranresta.lt\/wp-content\/uploads\/2019\/10\/logo-g9.jpg\" alt=\"g9\"  width=\"400\" height=\"400\" \/><\/div>\n<div class=\"logo-floating\"><img loading=\"lazy\" class=\"size-medium\"  src=\"https:\/\/www.ranresta.lt\/wp-content\/uploads\/2019\/10\/logo-veikme.jpg\" alt=\"veikme\"  width=\"400\" height=\"400\" \/><\/div>\n<div class=\"logo-floating\"><img loading=\"lazy\" class=\"size-medium\"  src=\"https:\/\/www.ranresta.lt\/wp-content\/uploads\/2019\/10\/logo-lnmb.jpg\" alt=\"lnmb\"  width=\"400\" height=\"400\" \/><\/div>\n<div class=\"logo-floating\"><img loading=\"lazy\" class=\"size-medium\"  src=\"https:\/\/www.ranresta.lt\/wp-content\/uploads\/2015\/10\/logo-drogas.png\" alt=\"drog\" width=\"400\" height=\"400\" \/><\/div>\n<div class=\"logo-floating\"><img loading=\"lazy\" class=\"size-medium\"  src=\"https:\/\/www.ranresta.lt\/wp-content\/uploads\/2015\/10\/logo-tele2.png\" alt=\"tele2\" width=\"400\" height=\"400\" \/><\/div>\n<div class=\"logo-floating\"><img loading=\"lazy\" class=\"size-medium\"  src=\"https:\/\/www.ranresta.lt\/wp-content\/uploads\/2019\/10\/logo-lindex.jpg\" alt=\"lindex\"  width=\"400\" height=\"400\" \/><\/div>\n<div class=\"logo-floating\"><img loading=\"lazy\" class=\"size-medium\"  src=\"https:\/\/www.ranresta.lt\/wp-content\/uploads\/2019\/10\/logo-euro.png\" alt=\"eur\"  width=\"400\" height=\"400\" \/><\/div>\n<div class=\"logo-floating\"><img loading=\"lazy\" class=\"size-medium\"  src=\"https:\/\/www.ranresta.lt\/wp-content\/uploads\/2020\/02\/logo-coff.png\" alt=\"coff\"  width=\"400\" height=\"400\" \/><\/div>\n<div class=\"logo-floating\"><img loading=\"lazy\" class=\"size-medium\"  src=\"https:\/\/www.ranresta.lt\/wp-content\/uploads\/2020\/07\/frostec.jpg\" alt=\"fros\"  width=\"400\" height=\"400\" \/><\/div>\n<div class=\"logo-floating\"><img loading=\"lazy\" class=\"size-medium\"  src=\"https:\/\/www.ranresta.lt\/wp-content\/uploads\/2020\/07\/CooperAndHunter.jpeg\" alt=\"coop\"  width=\"400\" height=\"400\" \/><\/div>\n<div class=\"logo-floating\"><img loading=\"lazy\" class=\"size-medium\"  src=\"https:\/\/www.ranresta.lt\/wp-content\/uploads\/2020\/11\/IKILogo.jpeg\" alt=\"iki\"  width=\"400\" height=\"400\" \/><\/div>\n<div class=\"logo-floating\"><img loading=\"lazy\" class=\"size-medium\"  src=\"https:\/\/www.ranresta.lt\/wp-content\/uploads\/2021\/04\/logo-fantazijos.png\" alt=\"fantazijos\"  width=\"400\" height=\"400\" \/><\/div>\n<\/div><\/div><\/div><div class=\"su-column su-column-size-1-3 left-border-gray\"><div class=\"su-column-inner su-u-clearfix su-u-trim\"><div class=\"su-animate\" style=\"opacity:0;-webkit-animation-duration:3s;-webkit-animation-delay:0s;animation-duration:3s;animation-delay:0s;\" data-animation=\"fadeInDown\" data-duration=\"3\" data-delay=\"0\">\n<h3>Veiklos sritys<\/h3>\n<i class=\"fa fa-chevron-circle-down fa- right-margin-10px \" ><\/i><strong>Pastat\u0173 statyba<\/strong><br \/>\n<i class=\"fa fa-check fa- left-margin-30px right-margin-10px \" ><\/i>M\u016bro darbai<br \/>\n<i class=\"fa fa-check fa- left-margin-30px right-margin-10px \" ><\/i>Stog\u0173 \u012frengimas<\/div><div class=\"su-animate\" style=\"opacity:0;-webkit-animation-duration:3s;-webkit-animation-delay:0s;animation-duration:3s;animation-delay:0s;\" data-animation=\"fadeInLeft\" data-duration=\"3\" data-delay=\"0\">\n<i class=\"fa fa-chevron-circle-down fa- right-margin-10px \" ><\/i>\n<strong>In\u017einerini\u0173 tinkl\u0173 \u012frengimas<\/strong><br \/>\n<i class=\"fa fa-check fa- left-margin-30px right-margin-10px \" ><\/i>Elektros instaliacija<br \/>\n<i class=\"fa fa-check fa- left-margin-30px right-margin-10px \" ><\/i>Kompiuteriniai tinklai<br \/>\n<i class=\"fa fa-check fa- left-margin-30px right-margin-10px \" ><\/i>Kondicionavimas<br \/>\n<i class=\"fa fa-check fa- left-margin-30px right-margin-10px \" ><\/i>\u0160ildymas<br \/>\n<i class=\"fa fa-check fa- left-margin-30px right-margin-10px \" ><\/i>V\u0117dinimas<br \/>\n<i class=\"fa fa-check fa- left-margin-30px right-margin-10px \" ><\/i>Apsaugos sistemos<br \/>\n<i class=\"fa fa-check fa- left-margin-30px right-margin-10px \" ><\/i>Prie\u0161gaisrin\u0117s sistemos<br \/>\n<i class=\"fa fa-check fa- left-margin-30px right-margin-10px \" ><\/i>Vandentiekis<br \/>\n<i class=\"fa fa-check fa- left-margin-30px right-margin-10px \" ><\/i>Nuotekos ir valymas<\/div><div class=\"su-animate\" style=\"opacity:0;-webkit-animation-duration:3s;-webkit-animation-delay:0s;animation-duration:3s;animation-delay:0s;\" data-animation=\"fadeInUp\" data-duration=\"3\" data-delay=\"0\">\n<i class=\"fa fa-chevron-circle-down fa- right-margin-10px \" ><\/i><strong>Vidaus ir i\u0161or\u0117s apdaila<\/strong><br \/>\n<i class=\"fa fa-check fa- left-margin-30px right-margin-10px \" ><\/i>Fasad\u0173 apdailos darbai<br \/>\n<i class=\"fa fa-check fa- left-margin-30px right-margin-10px \" ><\/i>Klinkerini\u0173 plyteli\u0173 klijavimas<br \/>\n<i class=\"fa fa-check fa- left-margin-30px right-margin-10px \" ><\/i>Tinkavimas<br \/>\n<i class=\"fa fa-check fa- left-margin-30px right-margin-10px \" ><\/i>G\/K sienos ir lubos<br \/>\n<i class=\"fa fa-check fa- left-margin-30px right-margin-10px \" ><\/i>Akustin\u0117s lubos<br \/>\n<i class=\"fa fa-check fa- left-margin-30px right-margin-10px \" ><\/i>Plyteli\u0173 klijavimas<br \/>\n<i class=\"fa fa-check fa- left-margin-30px right-margin-10px \" ><\/i>Grind\u0173 betonavimas<br \/>\n<\/div><\/div><\/div>\n<\/div>","protected":false},"excerpt":{"rendered":"<p> <a class=\"continue-reading-link\" href=\"https:\/\/www.ranresta.lt\/lt\/apie-mus\/\">Continue reading<\/a><\/p>\n","protected":false},"author":1,"featured_media":0,"parent":0,"menu_order":0,"comment_status":"closed","ping_status":"closed","template":"","meta":[],"_links":{"self":[{"href":"https:\/\/www.ranresta.lt\/lt\/wp-json\/wp\/v2\/pages\/153"}],"collection":[{"href":"https:\/\/www.ranresta.lt\/lt\/wp-json\/wp\/v2\/pages"}],"about":[{"href":"https:\/\/www.ranresta.lt\/lt\/wp-json\/wp\/v2\/types\/page"}],"author":[{"embeddable":true,"href":"https:\/\/www.ranresta.lt\/lt\/wp-json\/wp\/v2\/users\/1"}],"replies":[{"embeddable":true,"href":"https:\/\/www.ranresta.lt\/lt\/wp-json\/wp\/v2\/comments?post=153"}],"version-history":[{"count":234,"href":"https:\/\/www.ranresta.lt\/lt\/wp-json\/wp\/v2\/pages\/153\/revisions"}],"predecessor-version":[{"id":1471,"href":"https:\/\/www.ranresta.lt\/lt\/wp-json\/wp\/v2\/pages\/153\/revisions\/1471"}],"wp:attachment":[{"href":"https:\/\/www.ranresta.lt\/lt\/wp-json\/wp\/v2\/media?parent=153"}],"curies":[{"name":"wp","href":"https:\/\/api.w.org\/{rel}","templated":true}]}}