{"id":1175,"date":"2019-10-24T13:56:40","date_gmt":"2019-10-24T10:56:40","guid":{"rendered":"https:\/\/www.ranresta.lt\/?page_id=1175"},"modified":"2019-10-24T15:24:56","modified_gmt":"2019-10-24T12:24:56","slug":"apie-mus-2","status":"publish","type":"page","link":"https:\/\/www.ranresta.lt\/lt\/apie-mus-2\/","title":{"rendered":"TTESSSTTTTTT"},"content":{"rendered":"<div class=\"su-row\">\n<div class=\"su-column su-column-size-2-3 justify\"><div class=\"su-column-inner su-u-clearfix su-u-trim\"><div class=\"su-animate\" style=\"opacity:0;-webkit-animation-duration:3s;-webkit-animation-delay:0s;animation-duration:3s;animation-delay:0s;\" data-animation=\"fadeInLeft\" data-duration=\"3\" data-delay=\"0\">\n<h3 style=\"text-align: left;\">MB &#8220;RANRESTA&#8221; &#8211; patikimas partneris<\/h3>\n<p>Esame s\u0117kmingai dirbanti pa\u017eangi statybos \u012fmon\u0117. Teikiame plat\u0173 statybini\u0173 paslaug\u0173 spektr\u0105. Nors esame palyginti jauna \u012fmon\u0117, ta\u010diau mums jau pavyko sukurti ilgalaikius profesionalius ry\u0161ius su stambiomis \u012fmon\u0117mis &#8211; u\u017esakovais.<\/p>\n<p>Specializuojam\u0117s bendrastatybiniuose darbuose, atliekame i\u0161or\u0117s ir vidaus pastat\u0173 statybos darbus. Taip pat dirbame kaip rangovai ir subrangovai. Bendradarbiaujame su profesionaliais projektuotojais. Visada pateikiame detalias atlikt\u0173 darb\u0173 ataskaitas. Esame \u012fvertinti kvalifikacijos <a href=\"https:\/\/www.ranresta.lt\/lt\/atestatas\/\">atestatu<\/a><\/p>\n<p>Nepaisant to, jog atliekame \u012fvairaus profilio statybinius darbus, turime sukaup\u0119 didel\u0119 patirt\u012f restoran\u0173 \u012frengime did\u017eiausiuose prekybos centruose (Akropolis, Nordika, Panorama ).<\/p>\n<div class=\"su-animate\" style=\"opacity:0;-webkit-animation-duration:3s;-webkit-animation-delay:0s;animation-duration:3s;animation-delay:0s;\" data-animation=\"fadeInUp\" data-duration=\"3\" data-delay=\"0\"><\/div><strong>Ir svarbiausia, atliekame sutartus darbus kokybi\u0161kai ir laiku. Tad kreipkit\u0117s &#8211; mes tikrai galime Jums b\u016bti naudingi.<\/strong><\/div>\n<div class=\"su-animate\" style=\"opacity:0;-webkit-animation-duration:3s;-webkit-animation-delay:0s;animation-duration:3s;animation-delay:0s;\" data-animation=\"fadeInRight\" data-duration=\"3\" data-delay=\"0\">\n<h4>M\u016bs\u0173 darb\u0173 kokybe jau \u012fsitikino<\/h4>\n<div class=\"logo-floating\"><img loading=\"lazy\" class=\"size-medium\"  src=\"https:\/\/www.ranresta.lt\/wp-content\/uploads\/2015\/10\/logo-mcd-300x227.png\" alt=\"McDonalds\" width=\"400\" height=\"400\" \/><\/div>\n<div class=\"logo-floating\"><img loading=\"lazy\" class=\"size-medium\"  src=\"https:\/\/www.ranresta.lt\/wp-content\/uploads\/2015\/10\/logo-olympic-300x227.png\" alt=\"logo-olympic\" width=\"400\" height=\"400\" \/><\/div>\n<div class=\"logo-floating\"><img loading=\"lazy\" class=\"size-medium\"  src=\"https:\/\/www.ranresta.lt\/wp-content\/uploads\/2015\/10\/logo-ganbei-300x227.png\" alt=\"logo-ganbei\" width=\"400\" height=\"400\" \/><\/div>\n<div class=\"logo-floating\"><img loading=\"lazy\" class=\"size-medium\"  src=\"https:\/\/www.ranresta.lt\/wp-content\/uploads\/2015\/10\/logo-delano-300x227.png\" alt=\"logo-delano\" width=\"400\" height=\"400\" \/><\/div>\n<div class=\"logo-floating\"><img loading=\"lazy\" class=\"size-medium\"  src=\"https:\/\/www.ranresta.lt\/wp-content\/uploads\/2015\/10\/logo-cancan-300x227.png\" alt=\"logo-cancan\" width=\"400\" height=\"400\" \/><\/div>\n<div class=\"logo-floating\"><img class=\"size-medium\"  src=\"https:\/\/www.ranresta.lt\/wp-content\/uploads\/2015\/10\/logo-gariunai-300x227.png\" alt=\"logo-gariunai\"width=\"400\" height=\"400\" \/><\/div>\n<div class=\"logo-floating\"><img loading=\"lazy\" class=\"size-medium\" src=\"https:\/\/www.ranresta.lt\/wp-content\/uploads\/2015\/10\/logo-apynys-300x227.png\" alt=\"logo-apynys\" width=\"400\" height=\"400\" \/><\/div>\n<div class=\"logo-floating\"><img loading=\"lazy\" class=\"size-medium\"  src=\"https:\/\/www.ranresta.lt\/wp-content\/uploads\/2015\/10\/logo-yit-300x227.png\" alt=\"logo-yit\" width=\"400\" height=\"400\" \/><\/div>\n<div class=\"logo-floating\"><img loading=\"lazy\" class=\"size-medium\"  src=\"https:\/\/www.ranresta.lt\/wp-content\/uploads\/2019\/10\/logo-swed.png\" alt=\"TELE2\"  width=\"400\" height=\"400\" \/><\/div>\n<div class=\"logo-floating\"><img loading=\"lazy\" class=\"size-medium\"  src=\"https:\/\/www.ranresta.lt\/wp-content\/uploads\/2019\/10\/logo-pegas.jpg\" alt=\"TELE2\"  width=\"400\" height=\"400\" \/><\/div>\n<div class=\"logo-floating\"><img loading=\"lazy\" class=\"size-medium\"  src=\"https:\/\/www.ranresta.lt\/wp-content\/uploads\/2019\/10\/logo-narv.jpg\" alt=\"TELE2\"  width=\"400\" height=\"400\" \/><\/div>\n<div class=\"logo-floating\"><img loading=\"lazy\" class=\"size-medium\"  src=\"https:\/\/www.ranresta.lt\/wp-content\/uploads\/2019\/10\/logo-mttc.jpg\" alt=\"TELE2\"  width=\"400\" height=\"400\" \/><\/div>\n<div class=\"logo-floating\"><img loading=\"lazy\" class=\"size-medium\"  src=\"https:\/\/www.ranresta.lt\/wp-content\/uploads\/2019\/10\/logo-cgates.png\" alt=\"TELE2\"  width=\"400\" height=\"400\" \/><\/div>\n<div class=\"logo-floating\"><img loading=\"lazy\" class=\"size-medium\"  src=\"https:\/\/www.ranresta.lt\/wp-content\/uploads\/2019\/10\/logo-maxima.png\" alt=\"TELE2\"  width=\"400\" height=\"400\" \/><\/div>\n<div class=\"logo-floating\"><img loading=\"lazy\" class=\"size-medium\"  src=\"https:\/\/www.ranresta.lt\/wp-content\/uploads\/2015\/10\/logo-drogas.png\" alt=\"Drogas\" width=\"400\" height=\"400\" \/><\/div>\n<div class=\"logo-floating\"><img loading=\"lazy\" class=\"size-medium\"  src=\"https:\/\/www.ranresta.lt\/wp-content\/uploads\/2015\/10\/logo-tele2.png\" alt=\"TELE2\" width=\"400\" height=\"400\" \/><\/div>\n<div class=\"logo-floating\"><img loading=\"lazy\" class=\"size-medium\"  src=\"https:\/\/www.ranresta.lt\/wp-content\/uploads\/2019\/10\/logo-lindex.jpg\" alt=\"TELE2\"  width=\"400\" height=\"400\" \/><\/div>\n<div class=\"logo-floating\"><img loading=\"lazy\" class=\"size-medium\"  src=\"https:\/\/www.ranresta.lt\/wp-content\/uploads\/2019\/10\/logo-euro.png\" alt=\"TELE2\"  width=\"400\" height=\"400\" \/><\/div>\n<\/div><\/div><\/div><div class=\"su-column su-column-size-1-3 left-border-gray\"><div class=\"su-column-inner su-u-clearfix su-u-trim\"><div class=\"su-animate\" style=\"opacity:0;-webkit-animation-duration:3s;-webkit-animation-delay:0s;animation-duration:3s;animation-delay:0s;\" data-animation=\"fadeInDown\" data-duration=\"3\" data-delay=\"0\">\n<h3>Veiklos sritys<\/h3>\n<i class=\"fa fa-chevron-circle-down fa- right-margin-10px \" ><\/i><strong>Pastat\u0173 statyba<\/strong><br \/>\n<i class=\"fa fa-check fa- left-margin-30px right-margin-10px \" ><\/i>M\u016bro darbai<br \/>\n<i class=\"fa fa-check fa- left-margin-30px right-margin-10px \" ><\/i>Stog\u0173 \u012frengimas<\/div><div class=\"su-animate\" style=\"opacity:0;-webkit-animation-duration:3s;-webkit-animation-delay:0s;animation-duration:3s;animation-delay:0s;\" data-animation=\"fadeInLeft\" data-duration=\"3\" data-delay=\"0\">\n<i class=\"fa fa-chevron-circle-down fa- right-margin-10px \" ><\/i>\n<strong>In\u017einierini\u0173 tinkl\u0173 \u012frengimas<\/strong><br \/>\n<i class=\"fa fa-check fa- left-margin-30px right-margin-10px \" ><\/i>Elektros instaliacija<br \/>\n<i class=\"fa fa-check fa- left-margin-30px right-margin-10px \" ><\/i>Kompiuteriniai tinklai<br \/>\n<i class=\"fa fa-check fa- left-margin-30px right-margin-10px \" ><\/i>Silpnos srov\u0117s<br \/>\n<i class=\"fa fa-check fa- left-margin-30px right-margin-10px \" ><\/i>\u0160ildymas<br \/>\n<i class=\"fa fa-check fa- left-margin-30px right-margin-10px \" ><\/i>V\u0117dinimas<br \/>\n<i class=\"fa fa-check fa- left-margin-30px right-margin-10px \" ><\/i>Apsaugos sistemos<br \/>\n<i class=\"fa fa-check fa- left-margin-30px right-margin-10px \" ><\/i>Prie\u0161gaisrin\u0117s sistemos<br \/>\n<i class=\"fa fa-check fa- left-margin-30px right-margin-10px \" ><\/i>Vandentiekis<br \/>\n<i class=\"fa fa-check fa- left-margin-30px right-margin-10px \" ><\/i>Nuotekos ir valymas<\/div><div class=\"su-animate\" style=\"opacity:0;-webkit-animation-duration:3s;-webkit-animation-delay:0s;animation-duration:3s;animation-delay:0s;\" data-animation=\"fadeInUp\" data-duration=\"3\" data-delay=\"0\">\n<i class=\"fa fa-chevron-circle-down fa- right-margin-10px \" ><\/i><strong>Vidaus ir i\u0161or\u0117s apdaila<\/strong><br \/>\n<i class=\"fa fa-check fa- left-margin-30px right-margin-10px \" ><\/i>Fasad\u0173 apdailos darbai<br \/>\n<i class=\"fa fa-check fa- left-margin-30px right-margin-10px \" ><\/i>Klinkerini\u0173 plyteli\u0173 klijavimas<br \/>\n<i class=\"fa fa-check fa- left-margin-30px right-margin-10px \" ><\/i>Tinkavimas<br \/>\n<i class=\"fa fa-check fa- left-margin-30px right-margin-10px \" ><\/i>G\/K sienos ir lubos<br \/>\n<i class=\"fa fa-check fa- left-margin-30px right-margin-10px \" ><\/i>Plyteli\u0173 klijavimas<br \/>\n<i class=\"fa fa-check fa- left-margin-30px right-margin-10px \" ><\/i>Grind\u0173 betonavimas<br \/>\n<\/div><\/div><\/div>\n<\/div>","protected":false},"excerpt":{"rendered":"<p> <a class=\"continue-reading-link\" href=\"https:\/\/www.ranresta.lt\/lt\/apie-mus-2\/\">Continue reading<\/a><\/p>\n","protected":false},"author":1,"featured_media":0,"parent":0,"menu_order":0,"comment_status":"closed","ping_status":"closed","template":"","meta":[],"_links":{"self":[{"href":"https:\/\/www.ranresta.lt\/lt\/wp-json\/wp\/v2\/pages\/1175"}],"collection":[{"href":"https:\/\/www.ranresta.lt\/lt\/wp-json\/wp\/v2\/pages"}],"about":[{"href":"https:\/\/www.ranresta.lt\/lt\/wp-json\/wp\/v2\/types\/page"}],"author":[{"embeddable":true,"href":"https:\/\/www.ranresta.lt\/lt\/wp-json\/wp\/v2\/users\/1"}],"replies":[{"embeddable":true,"href":"https:\/\/www.ranresta.lt\/lt\/wp-json\/wp\/v2\/comments?post=1175"}],"version-history":[{"count":4,"href":"https:\/\/www.ranresta.lt\/lt\/wp-json\/wp\/v2\/pages\/1175\/revisions"}],"predecessor-version":[{"id":1178,"href":"https:\/\/www.ranresta.lt\/lt\/wp-json\/wp\/v2\/pages\/1175\/revisions\/1178"}],"wp:attachment":[{"href":"https:\/\/www.ranresta.lt\/lt\/wp-json\/wp\/v2\/media?parent=1175"}],"curies":[{"name":"wp","href":"https:\/\/api.w.org\/{rel}","templated":true}]}}